{"id":2,"date":"2021-02-05T22:38:51","date_gmt":"2021-02-05T19:38:51","guid":{"rendered":"https:\/\/www.turkishhealthclinic.com\/?page_id=2"},"modified":"2025-08-02T16:24:15","modified_gmt":"2025-08-02T13:24:15","slug":"anasayfa-2","status":"publish","type":"page","link":"https:\/\/www.turkishhealthclinic.com\/","title":{"rendered":"Anasayfa"},"content":{"rendered":"<div class=\"wpb-content-wrapper\"><p>[vc_row full_width=&#8221;stretch_row_content_no_spaces&#8221; content_placement=&#8221;top&#8221; el_id=&#8221;video-anasayfa&#8221;][vc_column]\n\t\t\t<!-- START Slider 1 REVOLUTION SLIDER 6.3.3 --><p class=\"rs-p-wp-fix\"><\/p>\n\t\t\t<rs-module-wrap id=\"rev_slider_3_1_wrapper\" data-source=\"gallery\" style=\"background:transparent;padding:0;margin:0px auto;margin-top:0;margin-bottom:0;\">\n\t\t\t\t<rs-module id=\"rev_slider_3_1\" style=\"\" data-version=\"6.3.3\">\n\t\t\t\t\t<rs-slides>\n\t\t\t\t\t\t<rs-slide data-key=\"rs-3\" data-title=\"Slide\" data-anim=\"ei:d,d;eo:power0.inOut,d;s:1000,d;r:0,default;t:fade,notransition;sl:0,d;\">\n\t\t\t\t\t\t\t<img loading=\"lazy\" decoding=\"async\" src=\"\/\/www.turkishhealthclinic.com\/wp-content\/uploads\/2021\/02\/anafoto.jpg\" title=\"anafoto\" width=\"1358\" height=\"714\" class=\"rev-slidebg\" data-no-retina>\n\t\t\t\t\t\t\t<rs-bgvideo \n\t\t\t\t\t\t\t\tdata-video=\"w:100%;h:100%;nse:false;rwd:false;l:true;ptimer:false;\"\n\t\t\t\t\t\t\t\tdata-mp4=\"\/\/www.turkishhealthclinic.com\/wp-content\/uploads\/2021\/02\/Emsey.mp4\"\n\t\t\t\t\t\t\t><\/rs-bgvideo>\n<!--\n\t\t\t\t\t\t\t--><rs-layer\n\t\t\t\t\t\t\t\tid=\"slider-3-slide-3-layer-0\" \n\t\t\t\t\t\t\t\tdata-type=\"text\"\n\t\t\t\t\t\t\t\tdata-color=\"#fff\"\n\t\t\t\t\t\t\t\tdata-rsp_ch=\"on\"\n\t\t\t\t\t\t\t\tdata-xy=\"xo:55px,45px,34px,20px;y:m;yo:-63px,-52px,-39px,-24px;\"\n\t\t\t\t\t\t\t\tdata-text=\"w:normal;s:50,41,31,22;l:60,49,37,31;fw:800;\"\n\t\t\t\t\t\t\t\tdata-dim=\"minh:0px,none,none,none;\"\n\t\t\t\t\t\t\t\tdata-frame_0=\"x:0,0,0,0px;y:0,0,0,0px;\"\n\t\t\t\t\t\t\t\tdata-frame_1=\"y:129px,106px,80px,44px;st:520;sR:520;\"\n\t\t\t\t\t\t\t\tdata-frame_999=\"o:0;st:4460;sR:3640;\"\n\t\t\t\t\t\t\t\tstyle=\"z-index:15;font-family:Poppins;\"\n\t\t\t\t\t\t\t>K\u0131rg\u0131zistan\u2019\u0131n \"\u0130lk\" <br \/>\nKanser Tan\u0131 ve G\u00f6r\u00fcnt\u00fcleme Merkezi \n\t\t\t\t\t\t\t<\/rs-layer><!--\n\n\t\t\t\t\t\t\t--><rs-layer\n\t\t\t\t\t\t\t\tid=\"slider-3-slide-3-layer-2\" \n\t\t\t\t\t\t\t\tdata-type=\"shape\"\n\t\t\t\t\t\t\t\tdata-rsp_ch=\"on\"\n\t\t\t\t\t\t\t\tdata-xy=\"xo:-638px,-526px,-399px,-280px;yo:-127px,-104px,-79px,-47px;\"\n\t\t\t\t\t\t\t\tdata-text=\"w:normal;s:20,16,12,7;l:0,20,15,9;\"\n\t\t\t\t\t\t\t\tdata-dim=\"w:2782,2297,1745,1076;h:1082,893,1095px,878px;maxh:none,none,none,500px;\"\n\t\t\t\t\t\t\t\tdata-frame_999=\"o:0;st:w;sR:13200;\"\n\t\t\t\t\t\t\t\tstyle=\"z-index:8;background-color:rgba(0,28,68,0.56);\"\n\t\t\t\t\t\t\t> \n\t\t\t\t\t\t\t<\/rs-layer><!--\n\n\t\t\t\t\t\t\t--><rs-layer\n\t\t\t\t\t\t\t\tid=\"slider-3-slide-3-layer-3\" \n\t\t\t\t\t\t\t\tdata-type=\"text\"\n\t\t\t\t\t\t\t\tdata-color=\"#fff\"\n\t\t\t\t\t\t\t\tdata-rsp_ch=\"on\"\n\t\t\t\t\t\t\t\tdata-xy=\"xo:58px,47px,35px,21px;y:m;yo:51px,42px,31px,9px;\"\n\t\t\t\t\t\t\t\tdata-text=\"w:normal;s:50,41,31,25;l:90,74,56,34;fw:800;\"\n\t\t\t\t\t\t\t\tdata-dim=\"minh:0px,none,none,none;\"\n\t\t\t\t\t\t\t\tdata-frame_1=\"st:4760;sR:4760;\"\n\t\t\t\t\t\t\t\tdata-frame_999=\"o:0;st:8470;sR:3410;\"\n\t\t\t\t\t\t\t\tstyle=\"z-index:14;font-family:Poppins;\"\n\t\t\t\t\t\t\t>Uluslararas\u0131 Standartlarda  \n\t\t\t\t\t\t\t<\/rs-layer><!--\n\n\t\t\t\t\t\t\t--><rs-layer\n\t\t\t\t\t\t\t\tid=\"slider-3-slide-3-layer-4\" \n\t\t\t\t\t\t\t\tdata-type=\"text\"\n\t\t\t\t\t\t\t\tdata-color=\"#fff\"\n\t\t\t\t\t\t\t\tdata-rsp_ch=\"on\"\n\t\t\t\t\t\t\t\tdata-xy=\"xo:55px,45px,34px,20px;y:m;yo:108px,89px,67px,41px;\"\n\t\t\t\t\t\t\t\tdata-text=\"w:normal;s:50,41,31,25;l:90,74,56,34;fw:800;\"\n\t\t\t\t\t\t\t\tdata-dim=\"minh:0px,none,none,none;\"\n\t\t\t\t\t\t\t\tdata-frame_1=\"st:4760;sR:4760;\"\n\t\t\t\t\t\t\t\tdata-frame_999=\"o:0;st:8460;sR:3400;\"\n\t\t\t\t\t\t\t\tstyle=\"z-index:13;font-family:Poppins;\"\n\t\t\t\t\t\t\t>Sa\u011fl\u0131k Hizmeti \n\t\t\t\t\t\t\t<\/rs-layer><!--\n\n\t\t\t\t\t\t\t--><rs-layer\n\t\t\t\t\t\t\t\tid=\"slider-3-slide-3-layer-5\" \n\t\t\t\t\t\t\t\tdata-type=\"text\"\n\t\t\t\t\t\t\t\tdata-color=\"#fff\"\n\t\t\t\t\t\t\t\tdata-rsp_ch=\"on\"\n\t\t\t\t\t\t\t\tdata-xy=\"xo:58px,47px,35px,21px;y:m;yo:51px,42px,31px,9px;\"\n\t\t\t\t\t\t\t\tdata-text=\"w:normal;s:50,41,31,25;l:90,74,56,34;fw:800;\"\n\t\t\t\t\t\t\t\tdata-dim=\"minh:0px,none,none,none;\"\n\t\t\t\t\t\t\t\tdata-frame_1=\"st:8890;sR:8890;\"\n\t\t\t\t\t\t\t\tdata-frame_999=\"o:0;st:11420;sR:2230;\"\n\t\t\t\t\t\t\t\tstyle=\"z-index:11;font-family:Poppins;\"\n\t\t\t\t\t\t\t>Uluslararas\u0131 Alanda Tan\u0131nan  \n\t\t\t\t\t\t\t<\/rs-layer><!--\n\n\t\t\t\t\t\t\t--><rs-layer\n\t\t\t\t\t\t\t\tid=\"slider-3-slide-3-layer-6\" \n\t\t\t\t\t\t\t\tdata-type=\"text\"\n\t\t\t\t\t\t\t\tdata-color=\"#fff\"\n\t\t\t\t\t\t\t\tdata-rsp_ch=\"on\"\n\t\t\t\t\t\t\t\tdata-xy=\"xo:55px,45px,34px,20px;y:m;yo:111px,91px,69px,42px;\"\n\t\t\t\t\t\t\t\tdata-text=\"w:normal;s:50,41,31,25;l:90,74,56,34;fw:800;\"\n\t\t\t\t\t\t\t\tdata-dim=\"minh:0px,none,none,none;\"\n\t\t\t\t\t\t\t\tdata-frame_1=\"st:8890;sR:8890;\"\n\t\t\t\t\t\t\t\tdata-frame_999=\"o:0;st:11410;sR:2220;\"\n\t\t\t\t\t\t\t\tstyle=\"z-index:12;font-family:Poppins;\"\n\t\t\t\t\t\t\t>Uzman Kadro \n\t\t\t\t\t\t\t<\/rs-layer><!--\n\n\t\t\t\t\t\t\t--><rs-layer\n\t\t\t\t\t\t\t\tid=\"slider-3-slide-3-layer-7\" \n\t\t\t\t\t\t\t\tdata-type=\"text\"\n\t\t\t\t\t\t\t\tdata-color=\"#fff\"\n\t\t\t\t\t\t\t\tdata-rsp_ch=\"on\"\n\t\t\t\t\t\t\t\tdata-xy=\"xo:55px,45px,34px,20px;y:m;yo:46px,37px,28px,7px;\"\n\t\t\t\t\t\t\t\tdata-text=\"w:normal;s:50,41,31,25;l:90,74,56,34;fw:800;\"\n\t\t\t\t\t\t\t\tdata-dim=\"minh:0px,none,none,none;\"\n\t\t\t\t\t\t\t\tdata-frame_1=\"st:11700;sR:11700;\"\n\t\t\t\t\t\t\t\tdata-frame_999=\"o:0;st:w;sR:1500;\"\n\t\t\t\t\t\t\t\tdata-tloop=\"u:true;\"\n\t\t\t\t\t\t\t\tstyle=\"z-index:10;font-family:Poppins;\"\n\t\t\t\t\t\t\t>En Yeni ve \u0130leri \n\t\t\t\t\t\t\t<\/rs-layer><!--\n\n\t\t\t\t\t\t\t--><rs-layer\n\t\t\t\t\t\t\t\tid=\"slider-3-slide-3-layer-8\" \n\t\t\t\t\t\t\t\tdata-type=\"text\"\n\t\t\t\t\t\t\t\tdata-color=\"#fff\"\n\t\t\t\t\t\t\t\tdata-rsp_ch=\"on\"\n\t\t\t\t\t\t\t\tdata-xy=\"xo:55px,45px,34px,20px;y:m;yo:109px,90px,68px,41px;\"\n\t\t\t\t\t\t\t\tdata-text=\"w:normal;s:50,41,31,25;l:90,74,56,34;fw:800;\"\n\t\t\t\t\t\t\t\tdata-dim=\"minh:0px,none,none,none;\"\n\t\t\t\t\t\t\t\tdata-frame_1=\"st:11700;sR:11700;\"\n\t\t\t\t\t\t\t\tdata-frame_999=\"o:0;st:w;sR:1500;\"\n\t\t\t\t\t\t\t\tdata-tloop=\"u:true;\"\n\t\t\t\t\t\t\t\tstyle=\"z-index:9;font-family:Poppins;\"\n\t\t\t\t\t\t\t>Sa\u011fl\u0131k Teknolojisi \n\t\t\t\t\t\t\t<\/rs-layer><!--\n-->\t\t\t\t\t\t<\/rs-slide>\n\t\t\t\t\t\t<rs-slide data-key=\"rs-31\" data-title=\"Slide\" data-anim=\"ei:d,d;eo:power0.inOut,d;s:1000,d;r:0,default;t:fade,notransition;sl:0,d;\">\n\t\t\t\t\t\t\t<img loading=\"lazy\" decoding=\"async\" src=\"\/\/www.turkishhealthclinic.com\/wp-content\/uploads\/2021\/02\/anafoto.jpg\" title=\"anafoto\" width=\"1358\" height=\"714\" class=\"rev-slidebg\" data-no-retina>\n\t\t\t\t\t\t\t<rs-bgvideo \n\t\t\t\t\t\t\t\tdata-video=\"w:100%;h:100%;nse:false;rwd:false;l:true;ptimer:false;\"\n\t\t\t\t\t\t\t\tdata-mp4=\"\/\/www.turkishhealthclinic.com\/wp-content\/uploads\/2021\/02\/Emsey.mp4\"\n\t\t\t\t\t\t\t><\/rs-bgvideo>\n<!--\n\t\t\t\t\t\t\t--><rs-layer\n\t\t\t\t\t\t\t\tid=\"slider-3-slide-31-layer-0\" \n\t\t\t\t\t\t\t\tdata-type=\"text\"\n\t\t\t\t\t\t\t\tdata-color=\"#fff\"\n\t\t\t\t\t\t\t\tdata-rsp_ch=\"on\"\n\t\t\t\t\t\t\t\tdata-xy=\"xo:55px,45px,34px,20px;y:m;yo:-63px,-52px,-39px,-24px;\"\n\t\t\t\t\t\t\t\tdata-text=\"w:normal;s:50,41,31,22;l:60,49,37,31;fw:800;\"\n\t\t\t\t\t\t\t\tdata-dim=\"minh:0px,none,none,none;\"\n\t\t\t\t\t\t\t\tdata-frame_0=\"x:0,0,0,0px;y:0,0,0,0px;\"\n\t\t\t\t\t\t\t\tdata-frame_1=\"y:129px,106px,80px,44px;st:520;sR:520;\"\n\t\t\t\t\t\t\t\tdata-frame_999=\"o:0;st:4460;sR:3640;\"\n\t\t\t\t\t\t\t\tstyle=\"z-index:15;font-family:Poppins;\"\n\t\t\t\t\t\t\t>K\u0131rg\u0131zistan\u2019\u0131n \"\u0130lk\" <br \/>\nKanser Tan\u0131 ve G\u00f6r\u00fcnt\u00fcleme Merkezi \n\t\t\t\t\t\t\t<\/rs-layer><!--\n\n\t\t\t\t\t\t\t--><rs-layer\n\t\t\t\t\t\t\t\tid=\"slider-3-slide-31-layer-2\" \n\t\t\t\t\t\t\t\tdata-type=\"shape\"\n\t\t\t\t\t\t\t\tdata-rsp_ch=\"on\"\n\t\t\t\t\t\t\t\tdata-xy=\"xo:-638px,-526px,-399px,-280px;yo:-127px,-104px,-79px,-47px;\"\n\t\t\t\t\t\t\t\tdata-text=\"w:normal;s:20,16,12,7;l:0,20,15,9;\"\n\t\t\t\t\t\t\t\tdata-dim=\"w:2782,2297,1745,1076;h:1082,893,1095px,878px;maxh:none,none,none,500px;\"\n\t\t\t\t\t\t\t\tdata-frame_999=\"o:0;st:w;sR:13200;\"\n\t\t\t\t\t\t\t\tstyle=\"z-index:8;background-color:rgba(0,28,68,0.56);\"\n\t\t\t\t\t\t\t> \n\t\t\t\t\t\t\t<\/rs-layer><!--\n\n\t\t\t\t\t\t\t--><rs-layer\n\t\t\t\t\t\t\t\tid=\"slider-3-slide-31-layer-3\" \n\t\t\t\t\t\t\t\tdata-type=\"text\"\n\t\t\t\t\t\t\t\tdata-color=\"#fff\"\n\t\t\t\t\t\t\t\tdata-rsp_ch=\"on\"\n\t\t\t\t\t\t\t\tdata-xy=\"xo:58px,47px,35px,21px;y:m;yo:51px,42px,31px,9px;\"\n\t\t\t\t\t\t\t\tdata-text=\"w:normal;s:50,41,31,25;l:90,74,56,34;fw:800;\"\n\t\t\t\t\t\t\t\tdata-dim=\"minh:0px,none,none,none;\"\n\t\t\t\t\t\t\t\tdata-frame_1=\"st:4760;sR:4760;\"\n\t\t\t\t\t\t\t\tdata-frame_999=\"o:0;st:8470;sR:3410;\"\n\t\t\t\t\t\t\t\tstyle=\"z-index:14;font-family:Poppins;\"\n\t\t\t\t\t\t\t>Uluslararas\u0131 Standartlarda  \n\t\t\t\t\t\t\t<\/rs-layer><!--\n\n\t\t\t\t\t\t\t--><rs-layer\n\t\t\t\t\t\t\t\tid=\"slider-3-slide-31-layer-4\" \n\t\t\t\t\t\t\t\tdata-type=\"text\"\n\t\t\t\t\t\t\t\tdata-color=\"#fff\"\n\t\t\t\t\t\t\t\tdata-rsp_ch=\"on\"\n\t\t\t\t\t\t\t\tdata-xy=\"xo:55px,45px,34px,20px;y:m;yo:108px,89px,67px,41px;\"\n\t\t\t\t\t\t\t\tdata-text=\"w:normal;s:50,41,31,25;l:90,74,56,34;fw:800;\"\n\t\t\t\t\t\t\t\tdata-dim=\"minh:0px,none,none,none;\"\n\t\t\t\t\t\t\t\tdata-frame_1=\"st:4760;sR:4760;\"\n\t\t\t\t\t\t\t\tdata-frame_999=\"o:0;st:8460;sR:3400;\"\n\t\t\t\t\t\t\t\tstyle=\"z-index:13;font-family:Poppins;\"\n\t\t\t\t\t\t\t>Sa\u011fl\u0131k Hizmeti \n\t\t\t\t\t\t\t<\/rs-layer><!--\n\n\t\t\t\t\t\t\t--><rs-layer\n\t\t\t\t\t\t\t\tid=\"slider-3-slide-31-layer-5\" \n\t\t\t\t\t\t\t\tdata-type=\"text\"\n\t\t\t\t\t\t\t\tdata-color=\"#fff\"\n\t\t\t\t\t\t\t\tdata-rsp_ch=\"on\"\n\t\t\t\t\t\t\t\tdata-xy=\"xo:58px,47px,35px,21px;y:m;yo:51px,42px,31px,9px;\"\n\t\t\t\t\t\t\t\tdata-text=\"w:normal;s:50,41,31,25;l:90,74,56,34;fw:800;\"\n\t\t\t\t\t\t\t\tdata-dim=\"minh:0px,none,none,none;\"\n\t\t\t\t\t\t\t\tdata-frame_1=\"st:8890;sR:8890;\"\n\t\t\t\t\t\t\t\tdata-frame_999=\"o:0;st:11420;sR:2230;\"\n\t\t\t\t\t\t\t\tstyle=\"z-index:11;font-family:Poppins;\"\n\t\t\t\t\t\t\t>Uluslararas\u0131 Alanda Tan\u0131nan  \n\t\t\t\t\t\t\t<\/rs-layer><!--\n\n\t\t\t\t\t\t\t--><rs-layer\n\t\t\t\t\t\t\t\tid=\"slider-3-slide-31-layer-6\" \n\t\t\t\t\t\t\t\tdata-type=\"text\"\n\t\t\t\t\t\t\t\tdata-color=\"#fff\"\n\t\t\t\t\t\t\t\tdata-rsp_ch=\"on\"\n\t\t\t\t\t\t\t\tdata-xy=\"xo:55px,45px,34px,20px;y:m;yo:111px,91px,69px,42px;\"\n\t\t\t\t\t\t\t\tdata-text=\"w:normal;s:50,41,31,25;l:90,74,56,34;fw:800;\"\n\t\t\t\t\t\t\t\tdata-dim=\"minh:0px,none,none,none;\"\n\t\t\t\t\t\t\t\tdata-frame_1=\"st:8890;sR:8890;\"\n\t\t\t\t\t\t\t\tdata-frame_999=\"o:0;st:11410;sR:2220;\"\n\t\t\t\t\t\t\t\tstyle=\"z-index:12;font-family:Poppins;\"\n\t\t\t\t\t\t\t>Uzman Kadro \n\t\t\t\t\t\t\t<\/rs-layer><!--\n\n\t\t\t\t\t\t\t--><rs-layer\n\t\t\t\t\t\t\t\tid=\"slider-3-slide-31-layer-7\" \n\t\t\t\t\t\t\t\tdata-type=\"text\"\n\t\t\t\t\t\t\t\tdata-color=\"#fff\"\n\t\t\t\t\t\t\t\tdata-rsp_ch=\"on\"\n\t\t\t\t\t\t\t\tdata-xy=\"xo:55px,45px,34px,20px;y:m;yo:46px,37px,28px,7px;\"\n\t\t\t\t\t\t\t\tdata-text=\"w:normal;s:50,41,31,25;l:90,74,56,34;fw:800;\"\n\t\t\t\t\t\t\t\tdata-dim=\"minh:0px,none,none,none;\"\n\t\t\t\t\t\t\t\tdata-frame_1=\"st:11700;sR:11700;\"\n\t\t\t\t\t\t\t\tdata-frame_999=\"o:0;st:w;sR:1500;\"\n\t\t\t\t\t\t\t\tdata-tloop=\"u:true;\"\n\t\t\t\t\t\t\t\tstyle=\"z-index:10;font-family:Poppins;\"\n\t\t\t\t\t\t\t>En Yeni ve \u0130leri \n\t\t\t\t\t\t\t<\/rs-layer><!--\n\n\t\t\t\t\t\t\t--><rs-layer\n\t\t\t\t\t\t\t\tid=\"slider-3-slide-31-layer-8\" \n\t\t\t\t\t\t\t\tdata-type=\"text\"\n\t\t\t\t\t\t\t\tdata-color=\"#fff\"\n\t\t\t\t\t\t\t\tdata-rsp_ch=\"on\"\n\t\t\t\t\t\t\t\tdata-xy=\"xo:55px,45px,34px,20px;y:m;yo:109px,90px,68px,41px;\"\n\t\t\t\t\t\t\t\tdata-text=\"w:normal;s:50,41,31,25;l:90,74,56,34;fw:800;\"\n\t\t\t\t\t\t\t\tdata-dim=\"minh:0px,none,none,none;\"\n\t\t\t\t\t\t\t\tdata-frame_1=\"st:11700;sR:11700;\"\n\t\t\t\t\t\t\t\tdata-frame_999=\"o:0;st:w;sR:1500;\"\n\t\t\t\t\t\t\t\tdata-tloop=\"u:true;\"\n\t\t\t\t\t\t\t\tstyle=\"z-index:9;font-family:Poppins;\"\n\t\t\t\t\t\t\t>Sa\u011fl\u0131k Teknolojisi \n\t\t\t\t\t\t\t<\/rs-layer><!--\n-->\t\t\t\t\t\t<\/rs-slide>\n\t\t\t\t\t<\/rs-slides>\n\t\t\t\t<\/rs-module>\n\t\t\t\t<script type=\"text\/javascript\">\n\t\t\t\t\tsetREVStartSize({c: 'rev_slider_3_1',rl:[1240,1024,778,480],el:[600,600,600,600],gw:[1240,1024,778,480],gh:[600,600,600,600],type:'standard',justify:'',layout:'fullwidth',mh:\"0\"});\n\t\t\t\t\tvar\trevapi3,\n\t\t\t\t\t\ttpj;\n\t\t\t\t\tfunction revinit_revslider31() {\n\t\t\t\t\tjQuery(function() {\n\t\t\t\t\t\ttpj = jQuery;\n\t\t\t\t\t\trevapi3 = tpj(\"#rev_slider_3_1\");\n\t\t\t\t\t\tif(revapi3==undefined || revapi3.revolution == undefined){\n\t\t\t\t\t\t\trevslider_showDoubleJqueryError(\"rev_slider_3_1\");\n\t\t\t\t\t\t}else{\n\t\t\t\t\t\t\trevapi3.revolution({\n\t\t\t\t\t\t\t\tsliderLayout:\"fullwidth\",\n\t\t\t\t\t\t\t\tduration:\"13500ms\",\n\t\t\t\t\t\t\t\tvisibilityLevels:\"1240,1024,778,480\",\n\t\t\t\t\t\t\t\tgridwidth:\"1240,1024,778,480\",\n\t\t\t\t\t\t\t\tgridheight:\"600,600,600,600\",\n\t\t\t\t\t\t\t\tperspective:600,\n\t\t\t\t\t\t\t\tperspectiveType:\"global\",\n\t\t\t\t\t\t\t\teditorheight:\"600,600,600,600\",\n\t\t\t\t\t\t\t\tresponsiveLevels:\"1240,1024,778,480\",\n\t\t\t\t\t\t\t\tprogressBar:{disableProgressBar:true},\n\t\t\t\t\t\t\t\tnavigation: {\n\t\t\t\t\t\t\t\t\tonHoverStop:false\n\t\t\t\t\t\t\t\t},\n\t\t\t\t\t\t\t\tfallbacks: {\n\t\t\t\t\t\t\t\t\tallowHTML5AutoPlayOnAndroid:true\n\t\t\t\t\t\t\t\t},\n\t\t\t\t\t\t\t});\n\t\t\t\t\t\t}\n\t\t\t\t\t\t\n\t\t\t\t\t});\n\t\t\t\t\t} \/\/ End of RevInitScript\n\t\t\t\tvar once_revslider31 = false;\n\t\t\t\tif (document.readyState === \"loading\") {document.addEventListener('readystatechange',function() { if((document.readyState === \"interactive\" || document.readyState === \"complete\") && !once_revslider31 ) { once_revslider31 = true; revinit_revslider31();}});} else {once_revslider31 = true; revinit_revslider31();}\n\t\t\t\t<\/script>\n\t\t\t<\/rs-module-wrap>\n\t\t\t<!-- END REVOLUTION SLIDER -->\n[\/vc_column][\/vc_row][vc_row full_width=&#8221;stretch_row_content&#8221; css=&#8221;.vc_custom_1620020106735{margin-top: -90px !important;padding-right: 20px !important;padding-left: 20px !important;}&#8221;][vc_column width=&#8221;1\/6&#8243;][vc_single_image image=&#8221;1165&#8243; img_size=&#8221;170&#215;170&#8243; alignment=&#8221;center&#8221; onclick=&#8221;custom_link&#8221; link=&#8221;https:\/\/www.turkishhealthclinic.com\/?page_id=303&#8243;][\/vc_column][vc_column width=&#8221;1\/6&#8243;][vc_single_image image=&#8221;1159&#8243; img_size=&#8221;170&#215;170&#8243; alignment=&#8221;center&#8221; onclick=&#8221;custom_link&#8221; link=&#8221;https:\/\/www.turkishhealthclinic.com\/?page_id=311&#8243;][\/vc_column][vc_column width=&#8221;1\/6&#8243;][vc_single_image image=&#8221;1168&#8243; img_size=&#8221;170&#215;170&#8243; alignment=&#8221;center&#8221; onclick=&#8221;custom_link&#8221; link=&#8221;https:\/\/www.turkishhealthclinic.com\/?page_id=315&#8243;][\/vc_column][vc_column width=&#8221;1\/6&#8243;][vc_single_image image=&#8221;1174&#8243; img_size=&#8221;170&#215;170&#8243; alignment=&#8221;center&#8221; onclick=&#8221;custom_link&#8221; link=&#8221;https:\/\/www.turkishhealthclinic.com\/?page_id=329&#8243;][\/vc_column][vc_column width=&#8221;1\/6&#8243;][vc_single_image image=&#8221;1171&#8243; img_size=&#8221;170&#215;170&#8243; alignment=&#8221;center&#8221; onclick=&#8221;custom_link&#8221; link=&#8221;https:\/\/www.turkishhealthclinic.com\/?page_id=325&#8243;][\/vc_column][vc_column width=&#8221;1\/6&#8243;][vc_single_image image=&#8221;1162&#8243; img_size=&#8221;170&#215;170&#8243; alignment=&#8221;center&#8221; onclick=&#8221;custom_link&#8221; link=&#8221;https:\/\/www.turkishhealthclinic.com\/?cat=18&#8243;][\/vc_column][\/vc_row][vc_row full_width=&#8221;stretch_row_content&#8221; content_placement=&#8221;top&#8221; css=&#8221;.vc_custom_1612723627165{padding-right: 20px !important;padding-left: 20px !important;}&#8221;][vc_column][vc_row_inner][vc_column_inner width=&#8221;1\/3&#8243;][vc_single_image image=&#8221;391&#8243; img_size=&#8221;400&#215;300&#8243;][\/vc_column_inner][vc_column_inner width=&#8221;1\/3&#8243;][vc_single_image image=&#8221;389&#8243; img_size=&#8221;400&#215;300&#8243;][\/vc_column_inner][vc_column_inner width=&#8221;1\/3&#8243;][vc_single_image image=&#8221;386&#8243; img_size=&#8221;400&#215;300&#8243;][\/vc_column_inner][\/vc_row_inner][vc_column_text]<\/p>\n<h3 style=\"color: #004f89;\"><strong>Turkish Health Clinic<\/strong><\/h3>\n<p>&#8220;Turkish Health Clinic&#8221; T\u00fcrkiye\u2019de uluslararas\u0131 standartlarda sa\u011fl\u0131k hizmeti sunan Emsey Hospital Onkoloji B\u00f6l\u00fcm\u00fc\u2019n\u00fcn bilgi ve tecr\u00fcbesini, dost \/ karde\u015f \u00fclke K\u0131rg\u0131zistan\u2019da payla\u015fmak \u00fczere 2020 y\u0131l\u0131nda kuruldu.<\/p>\n<p>K\u0131rg\u0131zistan halk\u0131n\u0131n kanser alan\u0131nda sa\u011fl\u0131k hizmetlerini kar\u015f\u0131lamak \u00fczere ba\u015fkent Bi\u015fkek\u2019te hizmet veren Turkish Health Clinic\u2019te, kanser hastalar\u0131n\u0131n daha kaliteli bir ya\u015fam s\u00fcrmesi ve hizmet alabilmesi i\u00e7in;<\/p>\n<ul>\n<li>K\u0131rg\u0131zistan\u2019\u0131n \u0130lk PET \/ CT Cihaz\u0131<\/li>\n<li>Poliklinik Hizmeti<\/li>\n<li>Uluslararas\u0131 Sa\u011fl\u0131k Hizmetleri<\/li>\n<li>Laboratuvar \u00dcnitesi<\/li>\n<\/ul>\n<p>hizmetleri uluslararas\u0131 standartlarda verilmektedir.<\/p>\n<p>&#8220;Turkish Health Clinic&#8221;\u2019te \u201cmaksimum hasta memnuniyeti\u201d ilkesiyle yola \u00e7\u0131karak uzman hekim kadrosu, g\u00fcler y\u00fczl\u00fc tecr\u00fcbeli personelleri ile \u00fcst\u00fcn teknoloji kullan\u0131larak kaliteli, g\u00fcvenilir sa\u011fl\u0131k hizmeti sunulmaktad\u0131r.[\/vc_column_text][\/vc_column][\/vc_row][vc_row css=&#8221;.vc_custom_1613076725695{padding-right: 20px !important;padding-left: 20px !important;background-color: #047368 !important;background-position: center !important;background-repeat: no-repeat !important;background-size: cover !important;}&#8221;][vc_column width=&#8221;1\/2&#8243;][vc_single_image image=&#8221;743&#8243; img_size=&#8221;600&#215;300&#8243; alignment=&#8221;center&#8221; style=&#8221;vc_box_rounded&#8221;][\/vc_column][vc_column width=&#8221;1\/2&#8243;][vc_column_text]<\/p>\n<h4 style=\"color: #004f89;\"><span style=\"color: #ffffff;\"><b>K\u0131rg\u0131zistan\u2019\u0131n ilk Kanser Tan\u0131 ve G\u00f6r\u00fcnt\u00fcleme Merkezi\u2019miz ile, T\u00fcrkiye\u2019den gelen hekimlerimizin kontrol\u00fcnde sizlere hizmet vermekten mutluluk duyar\u0131z.<\/b><\/span><\/h4>\n<h3 style=\"color: #004f89;\"><span style=\"color: #ffffff;\"><b>PET \/ CT Nedir?<\/b><\/span><\/h3>\n<p><span style=\"color: #ffffff;\">PET\/CT, organlar hakk\u0131nda metabolik ve anatomik bilgisini elde etmeyi sa\u011flayan PET (Pozitron Emisyon Tomografisi) ve CT (Bilgisayarl\u0131 Tomografi) cihazlar\u0131n\u0131n birle\u015fiminden olu\u015fan bir g\u00f6r\u00fcnt\u00fcleme y\u00f6ntemidir. V\u00fccuttaki fizyolojik s\u00fcre\u00e7lerin 3 boyutlu g\u00f6r\u00fcnt\u00fcs\u00fcn\u00fc veren n\u00fckleer t\u0131p metodudur.<\/span><\/p>\n<p><span style=\"color: #ffffff;\">PET taramalar\u0131, hekime hastada h\u00fccresel d\u00fczeyde meydana gelen sorunlar hakk\u0131nda fikir verir. Ayni zamanda belirli karma\u015f\u0131k sistemik durumlar\u0131n\u0131, hastal\u0131\u011f\u0131n tan\u0131mlanmas\u0131n\u0131 ve de\u011ferlendirme yap\u0131lmas\u0131na yard\u0131mc\u0131 olur.<\/span>[\/vc_column_text][\/vc_column][\/vc_row][vc_row css=&#8221;.vc_custom_1612984840012{padding-right: 20px !important;padding-left: 20px !important;background-color: #004f89 !important;}&#8221;][vc_column][vc_column_text]<\/p>\n<h3 style=\"text-align: center;\"><span style=\"color: #ffffff;\"><strong>BRAN\u015eLARIMIZ<\/strong><\/span><\/h3>\n<p>[\/vc_column_text][vc_row_inner][vc_column_inner width=&#8221;1\/4&#8243;][vc_single_image image=&#8221;538&#8243; img_size=&#8221;400&#215;260&#8243; alignment=&#8221;center&#8221; style=&#8221;vc_box_rounded&#8221;][vc_column_text]<\/p>\n<h4 style=\"text-align: center;\"><span style=\"color: #ffffff;\">Medikal Onkoloji<\/span><\/h4>\n<p>[\/vc_column_text][\/vc_column_inner][vc_column_inner width=&#8221;1\/4&#8243;][vc_single_image image=&#8221;537&#8243; img_size=&#8221;400&#215;260&#8243; alignment=&#8221;center&#8221; style=&#8221;vc_box_rounded&#8221;][vc_column_text]<\/p>\n<h4 style=\"text-align: center;\"><span style=\"color: #ffffff;\">N\u00fckleer T\u0131p<\/span><\/h4>\n<p>[\/vc_column_text][\/vc_column_inner][vc_column_inner width=&#8221;1\/4&#8243;][vc_single_image image=&#8221;535&#8243; img_size=&#8221;400&#215;260&#8243; alignment=&#8221;center&#8221; style=&#8221;vc_box_rounded&#8221;][vc_column_text]<\/p>\n<h4 style=\"text-align: center;\"><span style=\"color: #ffffff;\">Hematoloji<\/span><\/h4>\n<p>[\/vc_column_text][\/vc_column_inner][vc_column_inner width=&#8221;1\/4&#8243;][vc_single_image image=&#8221;536&#8243; img_size=&#8221;400&#215;260&#8243; alignment=&#8221;center&#8221; style=&#8221;vc_box_rounded&#8221;][vc_column_text]<\/p>\n<h4 style=\"text-align: center;\"><span style=\"color: #ffffff;\">Jinekoloji<\/span><\/h4>\n<p>[\/vc_column_text][\/vc_column_inner][\/vc_row_inner][\/vc_column][\/vc_row]<\/p>\n<\/div>","protected":false},"excerpt":{"rendered":"<p>[vc_row full_width=&#8221;stretch_row_content_no_spaces&#8221; content_placement=&#8221;top&#8221; el_id=&#8221;video-anasayfa&#8221;][vc_column][\/vc_column][\/vc_row][vc_row full_width=&#8221;stretch_row_content&#8221; css=&#8221;.vc_custom_1620020106735{margin-top: -90px !important;padding-right: 20px !important;padding-left: 20px !important;}&#8221;][vc_column width=&#8221;1\/6&#8243;][vc_single_image image=&#8221;1165&#8243; img_size=&#8221;170&#215;170&#8243; alignment=&#8221;center&#8221; onclick=&#8221;custom_link&#8221; link=&#8221;https:\/\/www.turkishhealthclinic.com\/?page_id=303&#8243;][\/vc_column][vc_column width=&#8221;1\/6&#8243;][vc_single_image image=&#8221;1159&#8243; img_size=&#8221;170&#215;170&#8243; alignment=&#8221;center&#8221; onclick=&#8221;custom_link&#8221; link=&#8221;https:\/\/www.turkishhealthclinic.com\/?page_id=311&#8243;][\/vc_column][vc_column width=&#8221;1\/6&#8243;][vc_single_image image=&#8221;1168&#8243; img_size=&#8221;170&#215;170&#8243; alignment=&#8221;center&#8221; onclick=&#8221;custom_link&#8221; link=&#8221;https:\/\/www.turkishhealthclinic.com\/?page_id=315&#8243;][\/vc_column][vc_column width=&#8221;1\/6&#8243;][vc_single_image image=&#8221;1174&#8243; img_size=&#8221;170&#215;170&#8243; alignment=&#8221;center&#8221; onclick=&#8221;custom_link&#8221; link=&#8221;https:\/\/www.turkishhealthclinic.com\/?page_id=329&#8243;][\/vc_column][vc_column width=&#8221;1\/6&#8243;][vc_single_image image=&#8221;1171&#8243; img_size=&#8221;170&#215;170&#8243; alignment=&#8221;center&#8221; onclick=&#8221;custom_link&#8221; link=&#8221;https:\/\/www.turkishhealthclinic.com\/?page_id=325&#8243;][\/vc_column][vc_column width=&#8221;1\/6&#8243;][vc_single_image image=&#8221;1162&#8243; img_size=&#8221;170&#215;170&#8243; alignment=&#8221;center&#8221; onclick=&#8221;custom_link&#8221; link=&#8221;https:\/\/www.turkishhealthclinic.com\/?cat=18&#8243;][\/vc_column][\/vc_row][vc_row full_width=&#8221;stretch_row_content&#8221; content_placement=&#8221;top&#8221; css=&#8221;.vc_custom_1612723627165{padding-right: 20px !important;padding-left: 20px !important;}&#8221;][vc_column][vc_row_inner][vc_column_inner&hellip;&nbsp;<a href=\"https:\/\/www.turkishhealthclinic.com\/\" class=\"\" rel=\"bookmark\">Daha fazlas\u0131n\u0131 oku &raquo;<span class=\"screen-reader-text\">Anasayfa<\/span><\/a><\/p>\n","protected":false},"author":2,"featured_media":0,"parent":0,"menu_order":0,"comment_status":"closed","ping_status":"open","template":"","meta":{"neve_meta_sidebar":"full-width","neve_meta_container":"full-width","neve_meta_enable_content_width":"off","neve_meta_content_width":70,"neve_meta_title_alignment":"","neve_meta_author_avatar":"","neve_post_elements_order":"","neve_meta_disable_header":"","neve_meta_disable_footer":"","neve_meta_disable_title":"on","_ti_tpc_template_sync":false,"_ti_tpc_template_id":"","footnotes":""},"class_list":["post-2","page","type-page","status-publish","hentry"],"_links":{"self":[{"href":"https:\/\/www.turkishhealthclinic.com\/index.php?rest_route=\/wp\/v2\/pages\/2","targetHints":{"allow":["GET"]}}],"collection":[{"href":"https:\/\/www.turkishhealthclinic.com\/index.php?rest_route=\/wp\/v2\/pages"}],"about":[{"href":"https:\/\/www.turkishhealthclinic.com\/index.php?rest_route=\/wp\/v2\/types\/page"}],"author":[{"embeddable":true,"href":"https:\/\/www.turkishhealthclinic.com\/index.php?rest_route=\/wp\/v2\/users\/2"}],"replies":[{"embeddable":true,"href":"https:\/\/www.turkishhealthclinic.com\/index.php?rest_route=%2Fwp%2Fv2%2Fcomments&post=2"}],"version-history":[{"count":161,"href":"https:\/\/www.turkishhealthclinic.com\/index.php?rest_route=\/wp\/v2\/pages\/2\/revisions"}],"predecessor-version":[{"id":1467,"href":"https:\/\/www.turkishhealthclinic.com\/index.php?rest_route=\/wp\/v2\/pages\/2\/revisions\/1467"}],"wp:attachment":[{"href":"https:\/\/www.turkishhealthclinic.com\/index.php?rest_route=%2Fwp%2Fv2%2Fmedia&parent=2"}],"curies":[{"name":"wp","href":"https:\/\/api.w.org\/{rel}","templated":true}]}}